{"id":28,"date":"2021-10-08T17:02:26","date_gmt":"2021-10-08T15:02:26","guid":{"rendered":"https:\/\/lesnabazalacko.pl\/?page_id=28"},"modified":"2021-10-10T18:27:56","modified_gmt":"2021-10-10T16:27:56","slug":"o-muzeum","status":"publish","type":"page","link":"https:\/\/lesnabazalacko.pl\/index.php\/o-muzeum\/","title":{"rendered":"O muzeum"},"content":{"rendered":"\n<p>Archiwum Le\u015bnej Bazy \u0141\u0105cko (gm. Pako\u015b\u0107) prowadzone jest od 2018 przez Stowarzyszenie Przyjaci\u00f3\u0142 Harcerstwa i Dzieci Specjalnej Troski w Inowroc\u0142awiu (rok za\u0142o\u017cenia: 2002).<\/p>\n\n\n\n<p>Historia Le\u015bnej Bazy w \u0141\u0105cku nie zosta\u0142a jeszcze spisana. Idea powo\u0142ania archiwum pojawi\u0142a si\u0119 wraz z odkryciem kilkudziesi\u0119ciu karton\u00f3w z dokumentacj\u0105 ponad pi\u0119\u0107dziesi\u0119ciu lat istnienia w \u0141\u0105cku nad Jeziorem Mielno &#8211; Harcerskiego O\u015brodka Obozowego.<\/p>\n\n\n\n<p>O\u015brodek zosta\u0142 uruchomiony w 1967 roku jako cz\u0119\u015b\u0107 dzia\u0142alno\u015bci Zwi\u0105zku Harcerstwa Polskiego w Inowroc\u0142awiu. Na przestrzeni lat zmienia\u0142a si\u0119 nazwa, formalni i prawni w\u0142a\u015bciciele, opiekunowie oraz u\u017cytkownicy le\u015bnej bazy. Niezmienna pozostawa\u0142a funkcja miejsca, czyli wypoczynkowo-edukacyjnego o\u015brodka obozowego dla dzieci i m\u0142odzie\u017cy. Tw\u00f3rc\u0105 \u201e\u0141\u0105cka\u201d by\u0142 Dionizy Zaleta, harcmistrz ZHP, niestrudzony dzia\u0142acz harcerski i spo\u0142eczny, animator i pedagog, prowadz\u0105cy dzia\u0142alno\u015b\u0107 o\u015brodka przez blisko czterdzie\u015bci lat. Od 1952 do 1959 roku pracowa\u0142 w Wydziale O\u015bwiaty w Inowroc\u0142awiu, w referacie dzieci i m\u0142odzie\u017cy, nast\u0119pnie jako inspektor o\u015bwiaty miasta i powiatu inowroc\u0142awskiego. W latach 1960 \u2013 1963 by\u0142 zast\u0119pc\u0105 komendanta Komendy Chor\u0105gwi ZHP w Bydgoszczy. Od 1964 do 2003 roku, pe\u0142ni\u0142 funkcj\u0119 komendanta hufca ZHP Inowroc\u0142aw Miasto, Inowroc\u0142aw Powiat, Inowroc\u0142aw Rejon (1983-2003). W 1967 roku Dionizy Zaleta zainicjowa\u0142 rozbudow\u0119 O\u015brodka Obozowego w \u0141\u0105cku, nale\u017c\u0105cym w\u00f3wczas do Gromady Pako\u015b\u0107 (do reformy administracyjnej w 1972 i przywr\u00f3ceniu podzia\u0142u na gminy). Tworzenie infrastruktury wspiera\u0142a Gromadzka oraz Miejska Rada Narodowa Pako\u015bci, zak\u0142ady pracy z Inowroc\u0142awia, Tuczna, Pako\u015bci oraz jednostki wojskowe.<\/p>\n\n\n\n<p>Harcerski O\u015brodek Obozowy w \u0141\u0105cku szybko sta\u0142 si\u0119 wa\u017cnym miejscem nie tylko dla harcerzy Hufca Inowroc\u0142aw Rejon. W latach 70. XX wieku do \u0141\u0105cka przyje\u017cd\u017ca\u0142o ponad 300 os\u00f3b, a w 80. latach blisko 700 uczestnik\u00f3w letnich oboz\u00f3w, w tym tak\u017ce m\u0142odzie\u017c z \u00f3wczesnej Jugos\u0142awii, Niemieckiej Republiki Demokratycznej (NRD). Po zmianach ustrojowych 1989 roku, o\u015brodek w \u0141\u0105cku zacz\u0105\u0142 popada\u0107 w ruin\u0119. W 1992 roku obszar le\u015bny, na kt\u00f3rym znajduje si\u0119 infrastruktura bazy, zosta\u0142 administracyjnie przekazany Lasom Pa\u0144stwowym przez w\u0142adze miasta i gminy Pako\u015b\u0107. W pa\u017adzierniku 2002, hm. Dionizy Zaleta wraz z grup\u0105 instruktor\u00f3w harcerskich i dzia\u0142aczy spo\u0142ecznych z Inowroc\u0142awia i Pako\u015bci powo\u0142a\u0142 Stowarzyszenie Przyjaci\u00f3\u0142 Harcerstwa i Dzieci Specjalnej Troski, kt\u00f3re po rozwi\u0105zaniu Hufca ZHP Inowroc\u0142aw Rejon (2003), kontynuuje dzia\u0142alno\u015b\u0107 dawnego Harcerskiego O\u015brodka Obozowego, od 2020 roku jako Le\u015bna Baza \u0141\u0105cko.<\/p>\n\n\n\n<p>Historia harcerstwa w Inowroc\u0142awiu (skr\u00f3t)<\/p>\n\n\n\n<p>Harcerstwo w Inowroc\u0142awiu tworzy swoj\u0105 histori\u0119 od 108 lat. Pierwsza inowroc\u0142awska dru\u017cyna skautowa powsta\u0142o w 1913 roku, powo\u0142ana przez Jana i Tadeusz K\u0142osi\u00f3w. Ju\u017c w 1919 roku harcerze wzi\u0119li udzia\u0142 w walkach o niepodleg\u0142o\u015b\u0107, podobnie w czasie II wojny \u015bwiatowej. Od 1945 roku ruch harcerski zacz\u0105\u0142 si\u0119 odradza\u0107, niestety pozostaj\u0105c pod kontrol\u0105 w\u0142adz komunistycznego re\u017cimu. \u201eOdwil\u017c\u201d pa\u017adziernika 1956 umo\u017cliwi\u0142a reaktywowanie ZHP, jednak za cen\u0119 \u015bcis\u0142ej wsp\u00f3\u0142pracy z parti\u0105 komunistyczn\u0105 (PZPR). Pomimo ograniczonej samodzielno\u015bci, ideologicznych nacisk\u00f3w i wprz\u0119gania ZHP w polityczn\u0105 dzia\u0142alno\u015b\u0107 partii socjalistycznej (PZPR), udzia\u0142 w harcerstwie stawa\u0142 si\u0119 wa\u017cnym do\u015bwiadczeniem, formuj\u0105cym blisko trzy pokolenia Polak\u00f3w. Ze \u015brodowisk harcerskich wywodzi\u0142o si\u0119 wielu dzia\u0142aczy spo\u0142ecznych i opozycyjnych z lat 70. i 80. XX wieku.<\/p>\n\n\n\n<p>Przemiana ustrojowa i upadek PRL-u w 1989 roku pozwoli\u0142 na prawdziwie niezale\u017cne stowarzyszanie i aktywno\u015b\u0107 spo\u0142eczn\u0105. Ruch harcerski od lat 90. przechodzi\u0142 szereg przekszta\u0142ce\u0144, zmian, praktycznej odnowy, z powrotem do przedwojennych tradycji, mi\u0119dzy innymi, w 1993 roku powo\u0142ano Honorowego Protektora ZHP &#8211; Prezydenta RP Lech Wa\u0142\u0119s\u0119. Po 2003 roku w Inowroc\u0142awiu powo\u0142any zosta\u0142 Hufiec ZHP Inowroc\u0142aw im. Aleksandra Kami\u0144skiego, powsta\u0142y z po\u0142\u0105czenie dzia\u0142aj\u0105cych od 1983 roku Hufca Inowroc\u0142aw-Rejon i Hufca Inowroc\u0142aw\u2013Miasto. Organizacyjnie hufiec inowroc\u0142awski nale\u017cy do Chor\u0105gwi Kujawsko-Pomorskiego Zwi\u0105zku Harcerstwa Polskiego w Bydgoszczy. W 2013 roku inowroc\u0142awskie harcerstwo uroczy\u015bcie obchodzi\u0142o 100 lat swojej dzia\u0142alno\u015bci.<\/p>\n\n\n\n<p><a href=\"https:\/\/www.inowroclaw.zhp.pl\/o-hufcu\">https:\/\/www.inowroclaw.zhp.pl\/o-hufcu<\/a><\/p>\n\n\n\n<p><a href=\"https:\/\/www.ino.online\/n.php?wiadomosc=12283\" target=\"_blank\" rel=\"noreferrer noopener\">https:\/\/www.ino.online\/n.php?wiadomosc=12283<\/a><\/p>\n\n\n\n<p><a href=\"https:\/\/www.kp.zhp.pl\/najwazniejsze-informacje\/historia-harcerstwa\">https:\/\/www.kp.zhp.pl\/najwazniejsze-informacje\/historia-harcerstwa<\/a><\/p>\n\n\n\n<figure class=\"wp-block-gallery columns-3 is-cropped wp-block-gallery-1 is-layout-flex wp-block-gallery-is-layout-flex\"><ul class=\"blocks-gallery-grid\"><li class=\"blocks-gallery-item\"><figure><img loading=\"lazy\" decoding=\"async\" width=\"1024\" height=\"281\" src=\"https:\/\/lesnabazalacko.pl\/wp-content\/uploads\/2021\/10\/lesnabazalacko.pl-lbl-8-1024x281.jpg\" alt=\"\" data-id=\"111\" data-full-url=\"https:\/\/lesnabazalacko.pl\/wp-content\/uploads\/2021\/10\/lesnabazalacko.pl-lbl-8.jpg\" data-link=\"https:\/\/lesnabazalacko.pl\/lbl-8\/\" class=\"wp-image-111\" srcset=\"https:\/\/lesnabazalacko.pl\/wp-content\/uploads\/2021\/10\/lesnabazalacko.pl-lbl-8-1024x281.jpg 1024w, https:\/\/lesnabazalacko.pl\/wp-content\/uploads\/2021\/10\/lesnabazalacko.pl-lbl-8-300x82.jpg 300w, https:\/\/lesnabazalacko.pl\/wp-content\/uploads\/2021\/10\/lesnabazalacko.pl-lbl-8-768x211.jpg 768w, https:\/\/lesnabazalacko.pl\/wp-content\/uploads\/2021\/10\/lesnabazalacko.pl-lbl-8.jpg 1500w\" sizes=\"auto, (max-width: 1024px) 100vw, 1024px\" \/><\/figure><\/li><li class=\"blocks-gallery-item\"><figure><img loading=\"lazy\" decoding=\"async\" width=\"919\" height=\"493\" src=\"https:\/\/lesnabazalacko.pl\/wp-content\/uploads\/2021\/10\/lesnabazalacko.pl-lbl-4.2.jpg\" alt=\"\" data-id=\"110\" data-full-url=\"https:\/\/lesnabazalacko.pl\/wp-content\/uploads\/2021\/10\/lesnabazalacko.pl-lbl-4.2.jpg\" data-link=\"https:\/\/lesnabazalacko.pl\/lbl-4-2\/\" class=\"wp-image-110\" srcset=\"https:\/\/lesnabazalacko.pl\/wp-content\/uploads\/2021\/10\/lesnabazalacko.pl-lbl-4.2.jpg 919w, https:\/\/lesnabazalacko.pl\/wp-content\/uploads\/2021\/10\/lesnabazalacko.pl-lbl-4.2-300x161.jpg 300w, https:\/\/lesnabazalacko.pl\/wp-content\/uploads\/2021\/10\/lesnabazalacko.pl-lbl-4.2-768x412.jpg 768w\" sizes=\"auto, (max-width: 919px) 100vw, 919px\" \/><\/figure><\/li><li class=\"blocks-gallery-item\"><figure><img loading=\"lazy\" decoding=\"async\" width=\"522\" height=\"255\" src=\"https:\/\/lesnabazalacko.pl\/wp-content\/uploads\/2021\/10\/lesnabazalacko.pl-lacko-lbl-4.jpg\" alt=\"\" data-id=\"109\" data-full-url=\"https:\/\/lesnabazalacko.pl\/wp-content\/uploads\/2021\/10\/lesnabazalacko.pl-lacko-lbl-4.jpg\" data-link=\"https:\/\/lesnabazalacko.pl\/lacko-lbl-4\/\" class=\"wp-image-109\" srcset=\"https:\/\/lesnabazalacko.pl\/wp-content\/uploads\/2021\/10\/lesnabazalacko.pl-lacko-lbl-4.jpg 522w, https:\/\/lesnabazalacko.pl\/wp-content\/uploads\/2021\/10\/lesnabazalacko.pl-lacko-lbl-4-300x147.jpg 300w\" sizes=\"auto, (max-width: 522px) 100vw, 522px\" \/><\/figure><\/li><li class=\"blocks-gallery-item\"><figure><img loading=\"lazy\" decoding=\"async\" width=\"1024\" height=\"678\" src=\"https:\/\/lesnabazalacko.pl\/wp-content\/uploads\/2021\/10\/lesnabazalacko.pl-lacko-lbl-3-1024x678.jpg\" alt=\"\" data-id=\"108\" data-full-url=\"https:\/\/lesnabazalacko.pl\/wp-content\/uploads\/2021\/10\/lesnabazalacko.pl-lacko-lbl-3.jpg\" data-link=\"https:\/\/lesnabazalacko.pl\/lacko-lbl-3\/\" class=\"wp-image-108\" srcset=\"https:\/\/lesnabazalacko.pl\/wp-content\/uploads\/2021\/10\/lesnabazalacko.pl-lacko-lbl-3-1024x678.jpg 1024w, https:\/\/lesnabazalacko.pl\/wp-content\/uploads\/2021\/10\/lesnabazalacko.pl-lacko-lbl-3-300x199.jpg 300w, https:\/\/lesnabazalacko.pl\/wp-content\/uploads\/2021\/10\/lesnabazalacko.pl-lacko-lbl-3-768x509.jpg 768w, https:\/\/lesnabazalacko.pl\/wp-content\/uploads\/2021\/10\/lesnabazalacko.pl-lacko-lbl-3.jpg 1232w\" sizes=\"auto, (max-width: 1024px) 100vw, 1024px\" \/><\/figure><\/li><li class=\"blocks-gallery-item\"><figure><img loading=\"lazy\" decoding=\"async\" width=\"1024\" height=\"678\" src=\"https:\/\/lesnabazalacko.pl\/wp-content\/uploads\/2021\/10\/lesnabazalacko.pl-lacko-lbl-2-1024x678.jpg\" alt=\"\" data-id=\"107\" data-full-url=\"https:\/\/lesnabazalacko.pl\/wp-content\/uploads\/2021\/10\/lesnabazalacko.pl-lacko-lbl-2.jpg\" data-link=\"https:\/\/lesnabazalacko.pl\/lacko-lbl-2\/\" class=\"wp-image-107\" srcset=\"https:\/\/lesnabazalacko.pl\/wp-content\/uploads\/2021\/10\/lesnabazalacko.pl-lacko-lbl-2-1024x678.jpg 1024w, https:\/\/lesnabazalacko.pl\/wp-content\/uploads\/2021\/10\/lesnabazalacko.pl-lacko-lbl-2-300x199.jpg 300w, https:\/\/lesnabazalacko.pl\/wp-content\/uploads\/2021\/10\/lesnabazalacko.pl-lacko-lbl-2-768x509.jpg 768w, https:\/\/lesnabazalacko.pl\/wp-content\/uploads\/2021\/10\/lesnabazalacko.pl-lacko-lbl-2.jpg 1232w\" sizes=\"auto, (max-width: 1024px) 100vw, 1024px\" \/><\/figure><\/li><li class=\"blocks-gallery-item\"><figure><img loading=\"lazy\" decoding=\"async\" width=\"1024\" height=\"678\" src=\"https:\/\/lesnabazalacko.pl\/wp-content\/uploads\/2021\/10\/lesnabazalacko.pl-lacko-lbl-1-1024x678.jpg\" alt=\"\" data-id=\"106\" data-full-url=\"https:\/\/lesnabazalacko.pl\/wp-content\/uploads\/2021\/10\/lesnabazalacko.pl-lacko-lbl-1.jpg\" data-link=\"https:\/\/lesnabazalacko.pl\/lacko-lbl-1\/\" class=\"wp-image-106\" srcset=\"https:\/\/lesnabazalacko.pl\/wp-content\/uploads\/2021\/10\/lesnabazalacko.pl-lacko-lbl-1-1024x678.jpg 1024w, https:\/\/lesnabazalacko.pl\/wp-content\/uploads\/2021\/10\/lesnabazalacko.pl-lacko-lbl-1-300x199.jpg 300w, https:\/\/lesnabazalacko.pl\/wp-content\/uploads\/2021\/10\/lesnabazalacko.pl-lacko-lbl-1-768x509.jpg 768w, https:\/\/lesnabazalacko.pl\/wp-content\/uploads\/2021\/10\/lesnabazalacko.pl-lacko-lbl-1.jpg 1232w\" sizes=\"auto, (max-width: 1024px) 100vw, 1024px\" \/><\/figure><\/li><li class=\"blocks-gallery-item\"><figure><img loading=\"lazy\" decoding=\"async\" width=\"819\" height=\"614\" src=\"https:\/\/lesnabazalacko.pl\/wp-content\/uploads\/2021\/10\/lesnabazalacko.pl-img-20210925-180552222.jpg\" alt=\"\" data-id=\"105\" data-full-url=\"https:\/\/lesnabazalacko.pl\/wp-content\/uploads\/2021\/10\/lesnabazalacko.pl-img-20210925-180552222.jpg\" data-link=\"https:\/\/lesnabazalacko.pl\/img-20210925-180552222\/\" class=\"wp-image-105\" srcset=\"https:\/\/lesnabazalacko.pl\/wp-content\/uploads\/2021\/10\/lesnabazalacko.pl-img-20210925-180552222.jpg 819w, https:\/\/lesnabazalacko.pl\/wp-content\/uploads\/2021\/10\/lesnabazalacko.pl-img-20210925-180552222-300x225.jpg 300w, https:\/\/lesnabazalacko.pl\/wp-content\/uploads\/2021\/10\/lesnabazalacko.pl-img-20210925-180552222-768x576.jpg 768w\" sizes=\"auto, (max-width: 819px) 100vw, 819px\" \/><\/figure><\/li><li class=\"blocks-gallery-item\"><figure><img loading=\"lazy\" decoding=\"async\" width=\"986\" height=\"653\" src=\"https:\/\/lesnabazalacko.pl\/wp-content\/uploads\/2021\/10\/lesnabazalacko.pl-dsc-0660.jpg\" alt=\"\" data-id=\"104\" data-full-url=\"https:\/\/lesnabazalacko.pl\/wp-content\/uploads\/2021\/10\/lesnabazalacko.pl-dsc-0660.jpg\" data-link=\"https:\/\/lesnabazalacko.pl\/dsc-0660\/\" class=\"wp-image-104\" srcset=\"https:\/\/lesnabazalacko.pl\/wp-content\/uploads\/2021\/10\/lesnabazalacko.pl-dsc-0660.jpg 986w, https:\/\/lesnabazalacko.pl\/wp-content\/uploads\/2021\/10\/lesnabazalacko.pl-dsc-0660-300x199.jpg 300w, https:\/\/lesnabazalacko.pl\/wp-content\/uploads\/2021\/10\/lesnabazalacko.pl-dsc-0660-768x509.jpg 768w\" sizes=\"auto, (max-width: 986px) 100vw, 986px\" \/><\/figure><\/li><li class=\"blocks-gallery-item\"><figure><img loading=\"lazy\" decoding=\"async\" width=\"986\" height=\"653\" src=\"https:\/\/lesnabazalacko.pl\/wp-content\/uploads\/2021\/10\/lesnabazalacko.pl-dsc-0268.jpg\" alt=\"\" data-id=\"96\" data-full-url=\"https:\/\/lesnabazalacko.pl\/wp-content\/uploads\/2021\/10\/lesnabazalacko.pl-dsc-0268.jpg\" data-link=\"https:\/\/lesnabazalacko.pl\/dsc-0268\/\" class=\"wp-image-96\" srcset=\"https:\/\/lesnabazalacko.pl\/wp-content\/uploads\/2021\/10\/lesnabazalacko.pl-dsc-0268.jpg 986w, https:\/\/lesnabazalacko.pl\/wp-content\/uploads\/2021\/10\/lesnabazalacko.pl-dsc-0268-300x199.jpg 300w, https:\/\/lesnabazalacko.pl\/wp-content\/uploads\/2021\/10\/lesnabazalacko.pl-dsc-0268-768x509.jpg 768w\" sizes=\"auto, (max-width: 986px) 100vw, 986px\" \/><\/figure><\/li><li class=\"blocks-gallery-item\"><figure><img loading=\"lazy\" decoding=\"async\" width=\"986\" height=\"653\" src=\"https:\/\/lesnabazalacko.pl\/wp-content\/uploads\/2021\/10\/lesnabazalacko.pl-dsc-0271.jpg\" alt=\"\" data-id=\"97\" data-full-url=\"https:\/\/lesnabazalacko.pl\/wp-content\/uploads\/2021\/10\/lesnabazalacko.pl-dsc-0271.jpg\" data-link=\"https:\/\/lesnabazalacko.pl\/dsc-0271\/\" class=\"wp-image-97\" srcset=\"https:\/\/lesnabazalacko.pl\/wp-content\/uploads\/2021\/10\/lesnabazalacko.pl-dsc-0271.jpg 986w, https:\/\/lesnabazalacko.pl\/wp-content\/uploads\/2021\/10\/lesnabazalacko.pl-dsc-0271-300x199.jpg 300w, https:\/\/lesnabazalacko.pl\/wp-content\/uploads\/2021\/10\/lesnabazalacko.pl-dsc-0271-768x509.jpg 768w\" sizes=\"auto, (max-width: 986px) 100vw, 986px\" \/><\/figure><\/li><li class=\"blocks-gallery-item\"><figure><img loading=\"lazy\" decoding=\"async\" width=\"986\" height=\"653\" src=\"https:\/\/lesnabazalacko.pl\/wp-content\/uploads\/2021\/10\/lesnabazalacko.pl-dsc-0313.jpg\" alt=\"\" data-id=\"98\" data-full-url=\"https:\/\/lesnabazalacko.pl\/wp-content\/uploads\/2021\/10\/lesnabazalacko.pl-dsc-0313.jpg\" data-link=\"https:\/\/lesnabazalacko.pl\/dsc-0313\/\" class=\"wp-image-98\" srcset=\"https:\/\/lesnabazalacko.pl\/wp-content\/uploads\/2021\/10\/lesnabazalacko.pl-dsc-0313.jpg 986w, https:\/\/lesnabazalacko.pl\/wp-content\/uploads\/2021\/10\/lesnabazalacko.pl-dsc-0313-300x199.jpg 300w, https:\/\/lesnabazalacko.pl\/wp-content\/uploads\/2021\/10\/lesnabazalacko.pl-dsc-0313-768x509.jpg 768w\" sizes=\"auto, (max-width: 986px) 100vw, 986px\" \/><\/figure><\/li><li class=\"blocks-gallery-item\"><figure><img loading=\"lazy\" decoding=\"async\" width=\"986\" height=\"653\" src=\"https:\/\/lesnabazalacko.pl\/wp-content\/uploads\/2021\/10\/lesnabazalacko.pl-dsc-0533.jpg\" alt=\"\" data-id=\"99\" data-full-url=\"https:\/\/lesnabazalacko.pl\/wp-content\/uploads\/2021\/10\/lesnabazalacko.pl-dsc-0533.jpg\" data-link=\"https:\/\/lesnabazalacko.pl\/dsc-0533\/\" class=\"wp-image-99\" srcset=\"https:\/\/lesnabazalacko.pl\/wp-content\/uploads\/2021\/10\/lesnabazalacko.pl-dsc-0533.jpg 986w, https:\/\/lesnabazalacko.pl\/wp-content\/uploads\/2021\/10\/lesnabazalacko.pl-dsc-0533-300x199.jpg 300w, https:\/\/lesnabazalacko.pl\/wp-content\/uploads\/2021\/10\/lesnabazalacko.pl-dsc-0533-768x509.jpg 768w\" sizes=\"auto, (max-width: 986px) 100vw, 986px\" \/><\/figure><\/li><li class=\"blocks-gallery-item\"><figure><img loading=\"lazy\" decoding=\"async\" width=\"986\" height=\"653\" src=\"https:\/\/lesnabazalacko.pl\/wp-content\/uploads\/2021\/10\/lesnabazalacko.pl-dsc-0563.jpg\" alt=\"\" data-id=\"100\" data-full-url=\"https:\/\/lesnabazalacko.pl\/wp-content\/uploads\/2021\/10\/lesnabazalacko.pl-dsc-0563.jpg\" data-link=\"https:\/\/lesnabazalacko.pl\/dsc-0563\/\" class=\"wp-image-100\" srcset=\"https:\/\/lesnabazalacko.pl\/wp-content\/uploads\/2021\/10\/lesnabazalacko.pl-dsc-0563.jpg 986w, https:\/\/lesnabazalacko.pl\/wp-content\/uploads\/2021\/10\/lesnabazalacko.pl-dsc-0563-300x199.jpg 300w, https:\/\/lesnabazalacko.pl\/wp-content\/uploads\/2021\/10\/lesnabazalacko.pl-dsc-0563-768x509.jpg 768w\" sizes=\"auto, (max-width: 986px) 100vw, 986px\" \/><\/figure><\/li><li class=\"blocks-gallery-item\"><figure><img loading=\"lazy\" decoding=\"async\" width=\"986\" height=\"653\" src=\"https:\/\/lesnabazalacko.pl\/wp-content\/uploads\/2021\/10\/lesnabazalacko.pl-dsc-0567.jpg\" alt=\"\" data-id=\"101\" data-full-url=\"https:\/\/lesnabazalacko.pl\/wp-content\/uploads\/2021\/10\/lesnabazalacko.pl-dsc-0567.jpg\" data-link=\"https:\/\/lesnabazalacko.pl\/dsc-0567\/\" class=\"wp-image-101\" srcset=\"https:\/\/lesnabazalacko.pl\/wp-content\/uploads\/2021\/10\/lesnabazalacko.pl-dsc-0567.jpg 986w, https:\/\/lesnabazalacko.pl\/wp-content\/uploads\/2021\/10\/lesnabazalacko.pl-dsc-0567-300x199.jpg 300w, https:\/\/lesnabazalacko.pl\/wp-content\/uploads\/2021\/10\/lesnabazalacko.pl-dsc-0567-768x509.jpg 768w\" sizes=\"auto, (max-width: 986px) 100vw, 986px\" \/><\/figure><\/li><li class=\"blocks-gallery-item\"><figure><img loading=\"lazy\" decoding=\"async\" width=\"986\" height=\"653\" src=\"https:\/\/lesnabazalacko.pl\/wp-content\/uploads\/2021\/10\/lesnabazalacko.pl-dsc-0579.jpg\" alt=\"\" data-id=\"102\" data-full-url=\"https:\/\/lesnabazalacko.pl\/wp-content\/uploads\/2021\/10\/lesnabazalacko.pl-dsc-0579.jpg\" data-link=\"https:\/\/lesnabazalacko.pl\/dsc-0579\/\" class=\"wp-image-102\" srcset=\"https:\/\/lesnabazalacko.pl\/wp-content\/uploads\/2021\/10\/lesnabazalacko.pl-dsc-0579.jpg 986w, https:\/\/lesnabazalacko.pl\/wp-content\/uploads\/2021\/10\/lesnabazalacko.pl-dsc-0579-300x199.jpg 300w, https:\/\/lesnabazalacko.pl\/wp-content\/uploads\/2021\/10\/lesnabazalacko.pl-dsc-0579-768x509.jpg 768w\" sizes=\"auto, (max-width: 986px) 100vw, 986px\" \/><\/figure><\/li><li class=\"blocks-gallery-item\"><figure><img loading=\"lazy\" decoding=\"async\" width=\"986\" height=\"653\" src=\"https:\/\/lesnabazalacko.pl\/wp-content\/uploads\/2021\/10\/lesnabazalacko.pl-dsc-0643.jpg\" alt=\"\" data-id=\"103\" data-full-url=\"https:\/\/lesnabazalacko.pl\/wp-content\/uploads\/2021\/10\/lesnabazalacko.pl-dsc-0643.jpg\" data-link=\"https:\/\/lesnabazalacko.pl\/dsc-0643\/\" class=\"wp-image-103\" srcset=\"https:\/\/lesnabazalacko.pl\/wp-content\/uploads\/2021\/10\/lesnabazalacko.pl-dsc-0643.jpg 986w, https:\/\/lesnabazalacko.pl\/wp-content\/uploads\/2021\/10\/lesnabazalacko.pl-dsc-0643-300x199.jpg 300w, https:\/\/lesnabazalacko.pl\/wp-content\/uploads\/2021\/10\/lesnabazalacko.pl-dsc-0643-768x509.jpg 768w\" sizes=\"auto, (max-width: 986px) 100vw, 986px\" \/><\/figure><\/li><\/ul><\/figure>\n","protected":false},"excerpt":{"rendered":"<p>Archiwum Le\u015bnej Bazy \u0141\u0105cko (gm. Pako\u015b\u0107) prowadzone jest od 2018 przez Stowarzyszenie Przyjaci\u00f3\u0142 Harcerstwa i Dzieci Specjalnej Troski w Inowroc\u0142awiu (rok za\u0142o\u017cenia: 2002). Historia Le\u015bnej Bazy w \u0141\u0105cku nie zosta\u0142a jeszcze spisana. Idea powo\u0142ania archiwum pojawi\u0142a si\u0119 wraz z odkryciem kilkudziesi\u0119ciu karton\u00f3w z dokumentacj\u0105 ponad pi\u0119\u0107dziesi\u0119ciu lat istnienia w \u0141\u0105cku nad Jeziorem Mielno &#8211; Harcerskiego&hellip;&nbsp;<a href=\"https:\/\/lesnabazalacko.pl\/index.php\/o-muzeum\/\" rel=\"bookmark\">Dowiedz si\u0119 wi\u0119cej &raquo;<span class=\"screen-reader-text\">O muzeum<\/span><\/a><\/p>\n","protected":false},"author":1,"featured_media":0,"parent":0,"menu_order":0,"comment_status":"closed","ping_status":"closed","template":"","meta":{"neve_meta_sidebar":"","neve_meta_container":"","neve_meta_enable_content_width":"","neve_meta_content_width":0,"neve_meta_title_alignment":"","neve_meta_author_avatar":"","neve_post_elements_order":"","neve_meta_disable_header":"","neve_meta_disable_footer":"","neve_meta_disable_title":"","footnotes":""},"class_list":["post-28","page","type-page","status-publish","hentry"],"_links":{"self":[{"href":"https:\/\/lesnabazalacko.pl\/index.php\/wp-json\/wp\/v2\/pages\/28","targetHints":{"allow":["GET"]}}],"collection":[{"href":"https:\/\/lesnabazalacko.pl\/index.php\/wp-json\/wp\/v2\/pages"}],"about":[{"href":"https:\/\/lesnabazalacko.pl\/index.php\/wp-json\/wp\/v2\/types\/page"}],"author":[{"embeddable":true,"href":"https:\/\/lesnabazalacko.pl\/index.php\/wp-json\/wp\/v2\/users\/1"}],"replies":[{"embeddable":true,"href":"https:\/\/lesnabazalacko.pl\/index.php\/wp-json\/wp\/v2\/comments?post=28"}],"version-history":[{"count":2,"href":"https:\/\/lesnabazalacko.pl\/index.php\/wp-json\/wp\/v2\/pages\/28\/revisions"}],"predecessor-version":[{"id":135,"href":"https:\/\/lesnabazalacko.pl\/index.php\/wp-json\/wp\/v2\/pages\/28\/revisions\/135"}],"wp:attachment":[{"href":"https:\/\/lesnabazalacko.pl\/index.php\/wp-json\/wp\/v2\/media?parent=28"}],"curies":[{"name":"wp","href":"https:\/\/api.w.org\/{rel}","templated":true}]}}