{"id":27,"date":"2021-10-08T17:02:26","date_gmt":"2021-10-08T15:02:26","guid":{"rendered":"https:\/\/lesnabazalacko.pl\/?page_id=27"},"modified":"2021-10-10T18:29:36","modified_gmt":"2021-10-10T16:29:36","slug":"zbiory-i-kolekcje","status":"publish","type":"page","link":"https:\/\/lesnabazalacko.pl\/index.php\/zbiory-i-kolekcje\/","title":{"rendered":"Zbiory i kolekcje"},"content":{"rendered":"\n<p>Archiwum Le\u015bnej Bazy \u0141\u0105cko stworzone zosta\u0142o przez Stowarzyszenie Przyjaci\u00f3\u0142 Harcerstwa i Dzieci Specjalnej Troski w Inowroc\u0142awiu, kt\u00f3re od 2003 roku opiekuje si\u0119 dawnym o\u015brodkiem harcerskim, kontynuuj\u0105c i rozwijaj\u0105c dzia\u0142alno\u015b\u0107 edukacyjn\u0105 i animacyjn\u0105 dla dzieci i m\u0142odzie\u017cy. Archiwum Le\u015bnej Bazy \u0141\u0105cko to, co najmniej kilka tysi\u0119cy jednostek archiwalnych, sk\u0142adaj\u0105ce si\u0119 z dokumentacji, zdj\u0119\u0107, druk\u00f3w okoliczno\u015bciowych, publikacji, ponad 100 ksi\u0105\u017cek oraz archiwum prasowego (gazety, czasopisma, wycinki prasowe). Archiwum LB\u0141 powstawa\u0142o wraz z archiwizowaniem i dokumentowaniem dzia\u0142alno\u015bci ZHP w Inowroc\u0142awiu i Harcerskiego O\u015brodka Obozowego w \u0141\u0105cku. Materia\u0142y gromadzone s\u0105 od przynajmniej 1967 roku, cho\u0107 w\u015br\u00f3d porz\u0105dkowanych archiwali\u00f3w znalaz\u0142y si\u0119 dokumenty z prze\u0142omu lat 50. i 60. XX wieku, dotycz\u0105ce, mi\u0119dzy innymi, dzia\u0142alno\u015bci \u00f3wczesnego Hufca ZHP w Inowroc\u0142awiu. R\u00f3wnolegle kilkadziesi\u0105t lat dzia\u0142alno\u015bci pozostawi\u0142o niema\u0142y zbi\u00f3r przedmiot\u00f3w \u2013 materialnych pami\u0105tek, w tym historyczn\u0105 ju\u017c infrastruktur\u0119 o\u015brodka oraz historie, wydarzenia, opowie\u015bci, wspomnienia, legendy \u0141\u0105cka, kt\u00f3re \u201eczekaj\u0105\u201d na zebranie i opracowanie.<\/p>\n\n\n\n<p>Zebranie i uporz\u0105dkowanie zbior\u00f3w archiwum dopiero si\u0119 rozpocz\u0119\u0142o. W 2021 roku trwa\u0142o gromadzenie w cz\u0119\u015bci rozproszonej dokumentacji, z r\u00f3wnoczesnym przygotowaniem i segregacja zbior\u00f3w, wst\u0119pnym porz\u0105dkowaniem, konserwacj\u0105 i za\u0142o\u017ceniem kart inwentarzowych. To zadanie, kt\u00f3re zajmie kilkana\u015bcie miesi\u0119cy, niezb\u0119dnych dla opracowania ca\u0142ego zbioru, jak i uruchomienia w pe\u0142ni dzia\u0142alno\u015bci archiwistycznej i popularyzatorskiej. Spo\u015br\u00f3d pierwszych dokument\u00f3w wydobytych z zakurzonych karton\u00f3w i teczek, wybranych do prezentacji zosta\u0142o kilka dokument\u00f3w i druk\u00f3w okoliczno\u015bciowych. Przedstawiane artefakty maj\u0105 znaczenie nie tylko sentymentalne, ilustruj\u0105 cz\u0119\u015b\u0107 dzia\u0142alno\u015bci dawnego o\u015brodka, jak i historii ubieg\u0142ego wieku bezpo\u015brednio zwi\u0105zanymi z kulturowymi i spo\u0142ecznymi przemianami w Polsce.<\/p>\n\n\n\n<p>1.<\/p>\n\n\n\n<p>Z prasy o Harcerskim O\u015brodku Obozowym w \u0141\u0105cku<\/p>\n\n\n\n<p>2.<\/p>\n\n\n\n<p>Pisma i korespondencja Hufiec Inowroc\u0142aw-Rejon<\/p>\n\n\n\n<p>3<\/p>\n\n\n\n<p>Dokumentacja oboz\u00f3w harcerskich w \u0141\u0105cku<\/p>\n\n\n\n<figure class=\"wp-block-gallery columns-3 is-cropped wp-block-gallery-1 is-layout-flex wp-block-gallery-is-layout-flex\"><ul class=\"blocks-gallery-grid\"><li class=\"blocks-gallery-item\"><figure><img loading=\"lazy\" decoding=\"async\" width=\"718\" height=\"1024\" src=\"https:\/\/lesnabazalacko.pl\/wp-content\/uploads\/2021\/10\/lesnabazalacko.pl-lbl-6-718x1024.jpg\" alt=\"\" data-id=\"133\" data-full-url=\"https:\/\/lesnabazalacko.pl\/wp-content\/uploads\/2021\/10\/lesnabazalacko.pl-lbl-6.jpg\" data-link=\"https:\/\/lesnabazalacko.pl\/lbl-6\/\" class=\"wp-image-133\" srcset=\"https:\/\/lesnabazalacko.pl\/wp-content\/uploads\/2021\/10\/lesnabazalacko.pl-lbl-6-718x1024.jpg 718w, https:\/\/lesnabazalacko.pl\/wp-content\/uploads\/2021\/10\/lesnabazalacko.pl-lbl-6-210x300.jpg 210w, https:\/\/lesnabazalacko.pl\/wp-content\/uploads\/2021\/10\/lesnabazalacko.pl-lbl-6-768x1095.jpg 768w, https:\/\/lesnabazalacko.pl\/wp-content\/uploads\/2021\/10\/lesnabazalacko.pl-lbl-6.jpg 964w\" sizes=\"auto, (max-width: 718px) 100vw, 718px\" \/><\/figure><\/li><li class=\"blocks-gallery-item\"><figure><img loading=\"lazy\" decoding=\"async\" width=\"718\" height=\"1024\" src=\"https:\/\/lesnabazalacko.pl\/wp-content\/uploads\/2021\/10\/lesnabazalacko.pl-lbl-4-25-718x1024.jpg\" alt=\"\" data-id=\"132\" data-full-url=\"https:\/\/lesnabazalacko.pl\/wp-content\/uploads\/2021\/10\/lesnabazalacko.pl-lbl-4-25.jpg\" data-link=\"https:\/\/lesnabazalacko.pl\/lbl-4-25\/\" class=\"wp-image-132\" srcset=\"https:\/\/lesnabazalacko.pl\/wp-content\/uploads\/2021\/10\/lesnabazalacko.pl-lbl-4-25-718x1024.jpg 718w, https:\/\/lesnabazalacko.pl\/wp-content\/uploads\/2021\/10\/lesnabazalacko.pl-lbl-4-25-210x300.jpg 210w, https:\/\/lesnabazalacko.pl\/wp-content\/uploads\/2021\/10\/lesnabazalacko.pl-lbl-4-25-768x1095.jpg 768w, https:\/\/lesnabazalacko.pl\/wp-content\/uploads\/2021\/10\/lesnabazalacko.pl-lbl-4-25.jpg 964w\" sizes=\"auto, (max-width: 718px) 100vw, 718px\" \/><\/figure><\/li><li class=\"blocks-gallery-item\"><figure><img loading=\"lazy\" decoding=\"async\" width=\"718\" height=\"1024\" src=\"https:\/\/lesnabazalacko.pl\/wp-content\/uploads\/2021\/10\/lesnabazalacko.pl-lbl-4-22-718x1024.jpg\" alt=\"\" data-id=\"131\" data-full-url=\"https:\/\/lesnabazalacko.pl\/wp-content\/uploads\/2021\/10\/lesnabazalacko.pl-lbl-4-22.jpg\" data-link=\"https:\/\/lesnabazalacko.pl\/lbl-4-22\/\" class=\"wp-image-131\" srcset=\"https:\/\/lesnabazalacko.pl\/wp-content\/uploads\/2021\/10\/lesnabazalacko.pl-lbl-4-22-718x1024.jpg 718w, https:\/\/lesnabazalacko.pl\/wp-content\/uploads\/2021\/10\/lesnabazalacko.pl-lbl-4-22-210x300.jpg 210w, https:\/\/lesnabazalacko.pl\/wp-content\/uploads\/2021\/10\/lesnabazalacko.pl-lbl-4-22-768x1095.jpg 768w, https:\/\/lesnabazalacko.pl\/wp-content\/uploads\/2021\/10\/lesnabazalacko.pl-lbl-4-22.jpg 964w\" sizes=\"auto, (max-width: 718px) 100vw, 718px\" \/><\/figure><\/li><li class=\"blocks-gallery-item\"><figure><img loading=\"lazy\" decoding=\"async\" width=\"425\" height=\"585\" src=\"https:\/\/lesnabazalacko.pl\/wp-content\/uploads\/2021\/10\/lesnabazalacko.pl-lacko-lbl-4-1.jpg\" alt=\"\" data-id=\"130\" data-full-url=\"https:\/\/lesnabazalacko.pl\/wp-content\/uploads\/2021\/10\/lesnabazalacko.pl-lacko-lbl-4-1.jpg\" data-link=\"https:\/\/lesnabazalacko.pl\/lacko-lbl-4-2\/\" class=\"wp-image-130\" srcset=\"https:\/\/lesnabazalacko.pl\/wp-content\/uploads\/2021\/10\/lesnabazalacko.pl-lacko-lbl-4-1.jpg 425w, https:\/\/lesnabazalacko.pl\/wp-content\/uploads\/2021\/10\/lesnabazalacko.pl-lacko-lbl-4-1-218x300.jpg 218w\" sizes=\"auto, (max-width: 425px) 100vw, 425px\" \/><\/figure><\/li><li class=\"blocks-gallery-item\"><figure><img loading=\"lazy\" decoding=\"async\" width=\"425\" height=\"585\" src=\"https:\/\/lesnabazalacko.pl\/wp-content\/uploads\/2021\/10\/lesnabazalacko.pl-lacko-lbl-3-1.jpg\" alt=\"\" data-id=\"129\" data-full-url=\"https:\/\/lesnabazalacko.pl\/wp-content\/uploads\/2021\/10\/lesnabazalacko.pl-lacko-lbl-3-1.jpg\" data-link=\"https:\/\/lesnabazalacko.pl\/lacko-lbl-3-2\/\" class=\"wp-image-129\" srcset=\"https:\/\/lesnabazalacko.pl\/wp-content\/uploads\/2021\/10\/lesnabazalacko.pl-lacko-lbl-3-1.jpg 425w, https:\/\/lesnabazalacko.pl\/wp-content\/uploads\/2021\/10\/lesnabazalacko.pl-lacko-lbl-3-1-218x300.jpg 218w\" sizes=\"auto, (max-width: 425px) 100vw, 425px\" \/><\/figure><\/li><li class=\"blocks-gallery-item\"><figure><img loading=\"lazy\" decoding=\"async\" width=\"425\" height=\"585\" src=\"https:\/\/lesnabazalacko.pl\/wp-content\/uploads\/2021\/10\/lesnabazalacko.pl-lacko-lbl-2-1.jpg\" alt=\"\" data-id=\"128\" data-full-url=\"https:\/\/lesnabazalacko.pl\/wp-content\/uploads\/2021\/10\/lesnabazalacko.pl-lacko-lbl-2-1.jpg\" data-link=\"https:\/\/lesnabazalacko.pl\/lacko-lbl-2-2\/\" class=\"wp-image-128\" srcset=\"https:\/\/lesnabazalacko.pl\/wp-content\/uploads\/2021\/10\/lesnabazalacko.pl-lacko-lbl-2-1.jpg 425w, https:\/\/lesnabazalacko.pl\/wp-content\/uploads\/2021\/10\/lesnabazalacko.pl-lacko-lbl-2-1-218x300.jpg 218w\" sizes=\"auto, (max-width: 425px) 100vw, 425px\" \/><\/figure><\/li><li class=\"blocks-gallery-item\"><figure><img loading=\"lazy\" decoding=\"async\" width=\"425\" height=\"585\" src=\"https:\/\/lesnabazalacko.pl\/wp-content\/uploads\/2021\/10\/lesnabazalacko.pl-lacko-lbl-1-1.jpg\" alt=\"\" data-id=\"127\" data-full-url=\"https:\/\/lesnabazalacko.pl\/wp-content\/uploads\/2021\/10\/lesnabazalacko.pl-lacko-lbl-1-1.jpg\" data-link=\"https:\/\/lesnabazalacko.pl\/lacko-lbl-1-2\/\" class=\"wp-image-127\" srcset=\"https:\/\/lesnabazalacko.pl\/wp-content\/uploads\/2021\/10\/lesnabazalacko.pl-lacko-lbl-1-1.jpg 425w, https:\/\/lesnabazalacko.pl\/wp-content\/uploads\/2021\/10\/lesnabazalacko.pl-lacko-lbl-1-1-218x300.jpg 218w\" sizes=\"auto, (max-width: 425px) 100vw, 425px\" \/><\/figure><\/li><li class=\"blocks-gallery-item\"><figure><img loading=\"lazy\" decoding=\"async\" width=\"680\" height=\"935\" src=\"https:\/\/lesnabazalacko.pl\/wp-content\/uploads\/2021\/10\/lesnabazalacko.pl-020.jpg\" alt=\"\" data-id=\"126\" data-full-url=\"https:\/\/lesnabazalacko.pl\/wp-content\/uploads\/2021\/10\/lesnabazalacko.pl-020.jpg\" data-link=\"https:\/\/lesnabazalacko.pl\/020\/\" class=\"wp-image-126\" srcset=\"https:\/\/lesnabazalacko.pl\/wp-content\/uploads\/2021\/10\/lesnabazalacko.pl-020.jpg 680w, https:\/\/lesnabazalacko.pl\/wp-content\/uploads\/2021\/10\/lesnabazalacko.pl-020-218x300.jpg 218w\" sizes=\"auto, (max-width: 680px) 100vw, 680px\" \/><\/figure><\/li><li class=\"blocks-gallery-item\"><figure><img loading=\"lazy\" decoding=\"async\" width=\"680\" height=\"935\" src=\"https:\/\/lesnabazalacko.pl\/wp-content\/uploads\/2021\/10\/lesnabazalacko.pl-007.jpg\" alt=\"\" data-id=\"118\" data-full-url=\"https:\/\/lesnabazalacko.pl\/wp-content\/uploads\/2021\/10\/lesnabazalacko.pl-007.jpg\" data-link=\"https:\/\/lesnabazalacko.pl\/007\/\" class=\"wp-image-118\" srcset=\"https:\/\/lesnabazalacko.pl\/wp-content\/uploads\/2021\/10\/lesnabazalacko.pl-007.jpg 680w, https:\/\/lesnabazalacko.pl\/wp-content\/uploads\/2021\/10\/lesnabazalacko.pl-007-218x300.jpg 218w\" sizes=\"auto, (max-width: 680px) 100vw, 680px\" \/><\/figure><\/li><li class=\"blocks-gallery-item\"><figure><img loading=\"lazy\" decoding=\"async\" width=\"680\" height=\"935\" src=\"https:\/\/lesnabazalacko.pl\/wp-content\/uploads\/2021\/10\/lesnabazalacko.pl-009-2.jpg\" alt=\"\" data-id=\"120\" data-full-url=\"https:\/\/lesnabazalacko.pl\/wp-content\/uploads\/2021\/10\/lesnabazalacko.pl-009-2.jpg\" data-link=\"https:\/\/lesnabazalacko.pl\/009-2\/\" class=\"wp-image-120\" srcset=\"https:\/\/lesnabazalacko.pl\/wp-content\/uploads\/2021\/10\/lesnabazalacko.pl-009-2.jpg 680w, https:\/\/lesnabazalacko.pl\/wp-content\/uploads\/2021\/10\/lesnabazalacko.pl-009-2-218x300.jpg 218w\" sizes=\"auto, (max-width: 680px) 100vw, 680px\" \/><\/figure><\/li><li class=\"blocks-gallery-item\"><figure><img loading=\"lazy\" decoding=\"async\" width=\"680\" height=\"935\" src=\"https:\/\/lesnabazalacko.pl\/wp-content\/uploads\/2021\/10\/lesnabazalacko.pl-008-2.jpg\" alt=\"\" data-id=\"119\" data-full-url=\"https:\/\/lesnabazalacko.pl\/wp-content\/uploads\/2021\/10\/lesnabazalacko.pl-008-2.jpg\" data-link=\"https:\/\/lesnabazalacko.pl\/008-2\/\" class=\"wp-image-119\" srcset=\"https:\/\/lesnabazalacko.pl\/wp-content\/uploads\/2021\/10\/lesnabazalacko.pl-008-2.jpg 680w, https:\/\/lesnabazalacko.pl\/wp-content\/uploads\/2021\/10\/lesnabazalacko.pl-008-2-218x300.jpg 218w\" sizes=\"auto, (max-width: 680px) 100vw, 680px\" \/><\/figure><\/li><li class=\"blocks-gallery-item\"><figure><img loading=\"lazy\" decoding=\"async\" width=\"680\" height=\"935\" src=\"https:\/\/lesnabazalacko.pl\/wp-content\/uploads\/2021\/10\/lesnabazalacko.pl-010.jpg\" alt=\"\" data-id=\"121\" data-full-url=\"https:\/\/lesnabazalacko.pl\/wp-content\/uploads\/2021\/10\/lesnabazalacko.pl-010.jpg\" data-link=\"https:\/\/lesnabazalacko.pl\/010\/\" class=\"wp-image-121\" srcset=\"https:\/\/lesnabazalacko.pl\/wp-content\/uploads\/2021\/10\/lesnabazalacko.pl-010.jpg 680w, https:\/\/lesnabazalacko.pl\/wp-content\/uploads\/2021\/10\/lesnabazalacko.pl-010-218x300.jpg 218w\" sizes=\"auto, (max-width: 680px) 100vw, 680px\" \/><\/figure><\/li><li class=\"blocks-gallery-item\"><figure><img loading=\"lazy\" decoding=\"async\" width=\"680\" height=\"935\" src=\"https:\/\/lesnabazalacko.pl\/wp-content\/uploads\/2021\/10\/lesnabazalacko.pl-010-2.jpg\" alt=\"\" data-id=\"122\" data-full-url=\"https:\/\/lesnabazalacko.pl\/wp-content\/uploads\/2021\/10\/lesnabazalacko.pl-010-2.jpg\" data-link=\"https:\/\/lesnabazalacko.pl\/010-2\/\" class=\"wp-image-122\" srcset=\"https:\/\/lesnabazalacko.pl\/wp-content\/uploads\/2021\/10\/lesnabazalacko.pl-010-2.jpg 680w, https:\/\/lesnabazalacko.pl\/wp-content\/uploads\/2021\/10\/lesnabazalacko.pl-010-2-218x300.jpg 218w\" sizes=\"auto, (max-width: 680px) 100vw, 680px\" \/><\/figure><\/li><li class=\"blocks-gallery-item\"><figure><img loading=\"lazy\" decoding=\"async\" width=\"680\" height=\"935\" src=\"https:\/\/lesnabazalacko.pl\/wp-content\/uploads\/2021\/10\/lesnabazalacko.pl-012-2.jpg\" alt=\"\" data-id=\"123\" data-full-url=\"https:\/\/lesnabazalacko.pl\/wp-content\/uploads\/2021\/10\/lesnabazalacko.pl-012-2.jpg\" data-link=\"https:\/\/lesnabazalacko.pl\/012-2\/\" class=\"wp-image-123\" srcset=\"https:\/\/lesnabazalacko.pl\/wp-content\/uploads\/2021\/10\/lesnabazalacko.pl-012-2.jpg 680w, https:\/\/lesnabazalacko.pl\/wp-content\/uploads\/2021\/10\/lesnabazalacko.pl-012-2-218x300.jpg 218w\" sizes=\"auto, (max-width: 680px) 100vw, 680px\" \/><\/figure><\/li><li class=\"blocks-gallery-item\"><figure><img loading=\"lazy\" decoding=\"async\" width=\"680\" height=\"935\" src=\"https:\/\/lesnabazalacko.pl\/wp-content\/uploads\/2021\/10\/lesnabazalacko.pl-013.jpg\" alt=\"\" data-id=\"124\" data-full-url=\"https:\/\/lesnabazalacko.pl\/wp-content\/uploads\/2021\/10\/lesnabazalacko.pl-013.jpg\" data-link=\"https:\/\/lesnabazalacko.pl\/013\/\" class=\"wp-image-124\" srcset=\"https:\/\/lesnabazalacko.pl\/wp-content\/uploads\/2021\/10\/lesnabazalacko.pl-013.jpg 680w, https:\/\/lesnabazalacko.pl\/wp-content\/uploads\/2021\/10\/lesnabazalacko.pl-013-218x300.jpg 218w\" sizes=\"auto, (max-width: 680px) 100vw, 680px\" \/><\/figure><\/li><li class=\"blocks-gallery-item\"><figure><img loading=\"lazy\" decoding=\"async\" width=\"680\" height=\"935\" src=\"https:\/\/lesnabazalacko.pl\/wp-content\/uploads\/2021\/10\/lesnabazalacko.pl-018.jpg\" alt=\"\" data-id=\"125\" data-full-url=\"https:\/\/lesnabazalacko.pl\/wp-content\/uploads\/2021\/10\/lesnabazalacko.pl-018.jpg\" data-link=\"https:\/\/lesnabazalacko.pl\/018\/\" class=\"wp-image-125\" srcset=\"https:\/\/lesnabazalacko.pl\/wp-content\/uploads\/2021\/10\/lesnabazalacko.pl-018.jpg 680w, https:\/\/lesnabazalacko.pl\/wp-content\/uploads\/2021\/10\/lesnabazalacko.pl-018-218x300.jpg 218w\" sizes=\"auto, (max-width: 680px) 100vw, 680px\" \/><\/figure><\/li><li class=\"blocks-gallery-item\"><figure><img loading=\"lazy\" decoding=\"async\" width=\"680\" height=\"935\" src=\"https:\/\/lesnabazalacko.pl\/wp-content\/uploads\/2021\/10\/lesnabazalacko.pl-006-2.jpg\" alt=\"\" data-id=\"117\" data-full-url=\"https:\/\/lesnabazalacko.pl\/wp-content\/uploads\/2021\/10\/lesnabazalacko.pl-006-2.jpg\" data-link=\"https:\/\/lesnabazalacko.pl\/006-2\/\" class=\"wp-image-117\" srcset=\"https:\/\/lesnabazalacko.pl\/wp-content\/uploads\/2021\/10\/lesnabazalacko.pl-006-2.jpg 680w, https:\/\/lesnabazalacko.pl\/wp-content\/uploads\/2021\/10\/lesnabazalacko.pl-006-2-218x300.jpg 218w\" sizes=\"auto, (max-width: 680px) 100vw, 680px\" \/><\/figure><\/li><li class=\"blocks-gallery-item\"><figure><img loading=\"lazy\" decoding=\"async\" width=\"680\" height=\"935\" src=\"https:\/\/lesnabazalacko.pl\/wp-content\/uploads\/2021\/10\/lesnabazalacko.pl-005-2.jpg\" alt=\"\" data-id=\"116\" data-full-url=\"https:\/\/lesnabazalacko.pl\/wp-content\/uploads\/2021\/10\/lesnabazalacko.pl-005-2.jpg\" data-link=\"https:\/\/lesnabazalacko.pl\/005-2\/\" class=\"wp-image-116\" srcset=\"https:\/\/lesnabazalacko.pl\/wp-content\/uploads\/2021\/10\/lesnabazalacko.pl-005-2.jpg 680w, https:\/\/lesnabazalacko.pl\/wp-content\/uploads\/2021\/10\/lesnabazalacko.pl-005-2-218x300.jpg 218w\" sizes=\"auto, (max-width: 680px) 100vw, 680px\" \/><\/figure><\/li><li class=\"blocks-gallery-item\"><figure><img loading=\"lazy\" decoding=\"async\" width=\"680\" height=\"935\" src=\"https:\/\/lesnabazalacko.pl\/wp-content\/uploads\/2021\/10\/lesnabazalacko.pl-004-2.jpg\" alt=\"\" data-id=\"115\" data-full-url=\"https:\/\/lesnabazalacko.pl\/wp-content\/uploads\/2021\/10\/lesnabazalacko.pl-004-2.jpg\" data-link=\"https:\/\/lesnabazalacko.pl\/004-2\/\" class=\"wp-image-115\" srcset=\"https:\/\/lesnabazalacko.pl\/wp-content\/uploads\/2021\/10\/lesnabazalacko.pl-004-2.jpg 680w, https:\/\/lesnabazalacko.pl\/wp-content\/uploads\/2021\/10\/lesnabazalacko.pl-004-2-218x300.jpg 218w\" sizes=\"auto, (max-width: 680px) 100vw, 680px\" \/><\/figure><\/li><li class=\"blocks-gallery-item\"><figure><img loading=\"lazy\" decoding=\"async\" width=\"680\" height=\"935\" src=\"https:\/\/lesnabazalacko.pl\/wp-content\/uploads\/2021\/10\/lesnabazalacko.pl-003-2.jpg\" alt=\"\" data-id=\"114\" data-full-url=\"https:\/\/lesnabazalacko.pl\/wp-content\/uploads\/2021\/10\/lesnabazalacko.pl-003-2.jpg\" data-link=\"https:\/\/lesnabazalacko.pl\/003-2\/\" class=\"wp-image-114\" srcset=\"https:\/\/lesnabazalacko.pl\/wp-content\/uploads\/2021\/10\/lesnabazalacko.pl-003-2.jpg 680w, https:\/\/lesnabazalacko.pl\/wp-content\/uploads\/2021\/10\/lesnabazalacko.pl-003-2-218x300.jpg 218w\" sizes=\"auto, (max-width: 680px) 100vw, 680px\" \/><\/figure><\/li><li class=\"blocks-gallery-item\"><figure><img loading=\"lazy\" decoding=\"async\" width=\"680\" height=\"935\" src=\"https:\/\/lesnabazalacko.pl\/wp-content\/uploads\/2021\/10\/lesnabazalacko.pl-002-2.jpg\" alt=\"\" data-id=\"113\" data-full-url=\"https:\/\/lesnabazalacko.pl\/wp-content\/uploads\/2021\/10\/lesnabazalacko.pl-002-2.jpg\" data-link=\"https:\/\/lesnabazalacko.pl\/002-2\/\" class=\"wp-image-113\" srcset=\"https:\/\/lesnabazalacko.pl\/wp-content\/uploads\/2021\/10\/lesnabazalacko.pl-002-2.jpg 680w, https:\/\/lesnabazalacko.pl\/wp-content\/uploads\/2021\/10\/lesnabazalacko.pl-002-2-218x300.jpg 218w\" sizes=\"auto, (max-width: 680px) 100vw, 680px\" \/><\/figure><\/li><li class=\"blocks-gallery-item\"><figure><img loading=\"lazy\" decoding=\"async\" width=\"680\" height=\"935\" src=\"https:\/\/lesnabazalacko.pl\/wp-content\/uploads\/2021\/10\/lesnabazalacko.pl-001-2.jpg\" alt=\"\" data-id=\"112\" data-full-url=\"https:\/\/lesnabazalacko.pl\/wp-content\/uploads\/2021\/10\/lesnabazalacko.pl-001-2.jpg\" data-link=\"https:\/\/lesnabazalacko.pl\/001-2\/\" class=\"wp-image-112\" srcset=\"https:\/\/lesnabazalacko.pl\/wp-content\/uploads\/2021\/10\/lesnabazalacko.pl-001-2.jpg 680w, https:\/\/lesnabazalacko.pl\/wp-content\/uploads\/2021\/10\/lesnabazalacko.pl-001-2-218x300.jpg 218w\" sizes=\"auto, (max-width: 680px) 100vw, 680px\" \/><\/figure><\/li><\/ul><\/figure>\n","protected":false},"excerpt":{"rendered":"<p>Archiwum Le\u015bnej Bazy \u0141\u0105cko stworzone zosta\u0142o przez Stowarzyszenie Przyjaci\u00f3\u0142 Harcerstwa i Dzieci Specjalnej Troski w Inowroc\u0142awiu, kt\u00f3re od 2003 roku opiekuje si\u0119 dawnym o\u015brodkiem harcerskim, kontynuuj\u0105c i rozwijaj\u0105c dzia\u0142alno\u015b\u0107 edukacyjn\u0105 i animacyjn\u0105 dla dzieci i m\u0142odzie\u017cy. Archiwum Le\u015bnej Bazy \u0141\u0105cko to, co najmniej kilka tysi\u0119cy jednostek archiwalnych, sk\u0142adaj\u0105ce si\u0119 z dokumentacji, zdj\u0119\u0107, druk\u00f3w okoliczno\u015bciowych, publikacji,&hellip;&nbsp;<a href=\"https:\/\/lesnabazalacko.pl\/index.php\/zbiory-i-kolekcje\/\" rel=\"bookmark\">Dowiedz si\u0119 wi\u0119cej &raquo;<span class=\"screen-reader-text\">Zbiory i kolekcje<\/span><\/a><\/p>\n","protected":false},"author":1,"featured_media":0,"parent":0,"menu_order":0,"comment_status":"closed","ping_status":"closed","template":"","meta":{"neve_meta_sidebar":"","neve_meta_container":"","neve_meta_enable_content_width":"","neve_meta_content_width":0,"neve_meta_title_alignment":"","neve_meta_author_avatar":"","neve_post_elements_order":"","neve_meta_disable_header":"","neve_meta_disable_footer":"","neve_meta_disable_title":"","footnotes":""},"class_list":["post-27","page","type-page","status-publish","hentry"],"_links":{"self":[{"href":"https:\/\/lesnabazalacko.pl\/index.php\/wp-json\/wp\/v2\/pages\/27","targetHints":{"allow":["GET"]}}],"collection":[{"href":"https:\/\/lesnabazalacko.pl\/index.php\/wp-json\/wp\/v2\/pages"}],"about":[{"href":"https:\/\/lesnabazalacko.pl\/index.php\/wp-json\/wp\/v2\/types\/page"}],"author":[{"embeddable":true,"href":"https:\/\/lesnabazalacko.pl\/index.php\/wp-json\/wp\/v2\/users\/1"}],"replies":[{"embeddable":true,"href":"https:\/\/lesnabazalacko.pl\/index.php\/wp-json\/wp\/v2\/comments?post=27"}],"version-history":[{"count":2,"href":"https:\/\/lesnabazalacko.pl\/index.php\/wp-json\/wp\/v2\/pages\/27\/revisions"}],"predecessor-version":[{"id":137,"href":"https:\/\/lesnabazalacko.pl\/index.php\/wp-json\/wp\/v2\/pages\/27\/revisions\/137"}],"wp:attachment":[{"href":"https:\/\/lesnabazalacko.pl\/index.php\/wp-json\/wp\/v2\/media?parent=27"}],"curies":[{"name":"wp","href":"https:\/\/api.w.org\/{rel}","templated":true}]}}